{"id":1030,"date":"2021-06-29T06:30:06","date_gmt":"2021-06-29T04:30:06","guid":{"rendered":"http:\/\/dk28limanowa.pl\/?page_id=1030"},"modified":"2024-02-05T09:42:16","modified_gmt":"2024-02-05T08:42:16","slug":"kontakt","status":"publish","type":"page","link":"http:\/\/dk28limanowa.pl\/index.php\/kontakt\/","title":{"rendered":"Kontakt"},"content":{"rendered":"\n<section id=\"gme741b6c\" class=\"wp-block-gutentor-m4 section-gme741b6c gutentor-module gutentor-advanced-columns\"><div class=\"grid-container\"><div class=\"grid-row\">\n<div id=\"col-gm098ec0\" class=\"wp-block-gutentor-m4-col col-gm098ec0 gutentor-single-column  grid-lg-2 grid-md-12 grid-12\"><div id=\"section-gm098ec0\" class=\"section-gm098ec0 gutentor-col-wrap\">\n<p class=\"has-black-color has-text-color has-large-font-size\"><strong>Zamawiaj\u0105cy<\/strong><\/p>\n<\/div><\/div>\n\n\n\n<div id=\"col-gmc92253\" class=\"wp-block-gutentor-m4-col col-gmc92253 gutentor-single-column  grid-lg-10 grid-md-12 grid-12\"><div id=\"section-gmc92253\" class=\"section-gmc92253 gutentor-col-wrap\"><\/div><\/div>\n<\/div><\/div><\/section>\n\n\n\n<section id=\"gm9e56923\" class=\"wp-block-gutentor-m4 section-gm9e56923 gutentor-module gutentor-advanced-columns\"><div class=\"grid-container\"><div class=\"grid-row\">\n<div id=\"col-gmc9d9cc\" class=\"wp-block-gutentor-m4-col col-gmc9d9cc gutentor-single-column  grid-lg-4 grid-md-12 grid-12\"><div id=\"section-gmc9d9cc\" class=\"section-gmc9d9cc gutentor-col-wrap\">\n<h2 class=\"wp-block-heading\"><img loading=\"lazy\" decoding=\"async\" width=\"434\" height=\"222\" class=\"wp-image-3680\" style=\"width: 434px;\" src=\"http:\/\/dk28limanowa.pl\/wp-content\/uploads\/2021\/08\/GDDKiA_Krakow.png\" alt=\"\"><\/h2>\n<\/div><\/div>\n\n\n\n<div id=\"col-gmd61fc4\" class=\"wp-block-gutentor-m4-col col-gmd61fc4 gutentor-single-column  grid-lg-4 grid-md-12 grid-12\"><div id=\"section-gmd61fc4\" class=\"section-gmd61fc4 gutentor-col-wrap\">\n<p class=\"has-medium-font-size\"><strong>Skarb Pa\u0144stwa<br>Generalny Dyrektor Dr\u00f3g Krajowych i Autostrad<br>Oddzia\u0142 w Krakowie<\/strong><\/p>\n\n\n\n<div class=\"wp-block-columns is-layout-flex wp-container-core-columns-is-layout-9d6595d7 wp-block-columns-is-layout-flex\">\n<div class=\"wp-block-column is-layout-flow wp-block-column-is-layout-flow\">\n<p>ul. Mogilska 25<br>31-542 Krak\u00f3w<br>tel.: 12 417 25 11<br>mail: sekretariat_krakow@gddkia.gov.pl<br>strona internetowa: <a href=\"http:\/\/www.gddkia.gov.pl\/\">gddkia.gov.pl<\/a><\/p>\n<\/div>\n<\/div>\n\n\n\n<p><\/p>\n<\/div><\/div>\n\n\n\n<div id=\"col-gma12e66\" class=\"wp-block-gutentor-m4-col col-gma12e66 gutentor-single-column  grid-lg-4 grid-md-12 grid-12\"><div id=\"section-gma12e66\" class=\"section-gma12e66 gutentor-col-wrap\">\n<p><strong>Kontakt dla medi\u00f3w<\/strong><\/p>\n\n\n\n<p><strong>Kacper Michna<\/strong><br>Stanowisko ds. komunikacji spo\u0142ecznej<br>tel. kom. +48\u00a0734 117 417<br>tel. +48 12\u00a0 417 25 77<br>e-mail:\u00a0<a href=\"mailto:kmichna@gddkia.gov.pl\">kmichna@gddkia.gov.pl<\/a><\/p>\n<\/div><\/div>\n<\/div><\/div><\/section>\n\n\n\n<section id=\"gm8697478\" class=\"wp-block-gutentor-m4 section-gm8697478 gutentor-module gutentor-advanced-columns\"><div class=\"grid-container\"><div class=\"grid-row\">\n<div id=\"col-gm5fb388\" class=\"wp-block-gutentor-m4-col col-gm5fb388 gutentor-single-column  grid-lg-2 grid-md-12 grid-12\"><div id=\"section-gm5fb388\" class=\"section-gm5fb388 gutentor-col-wrap\">\n<p class=\"has-black-color has-text-color has-large-font-size\"><strong>Biuro Projektowe<\/strong><\/p>\n<\/div><\/div>\n\n\n\n<div id=\"col-gm093421\" class=\"wp-block-gutentor-m4-col col-gm093421 gutentor-single-column  grid-lg-10 grid-md-12 grid-12\"><div id=\"section-gm093421\" class=\"section-gm093421 gutentor-col-wrap\"><\/div><\/div>\n<\/div><\/div><\/section>\n\n\n\n<section id=\"gm1850ecc\" class=\"wp-block-gutentor-m4 section-gm1850ecc gutentor-module gutentor-advanced-columns\"><div class=\"grid-container\"><div class=\"grid-row\">\n<div id=\"col-gmcbf34f\" class=\"wp-block-gutentor-m4-col col-gmcbf34f gutentor-single-column  grid-lg-2 grid-md-12 grid-12\"><div id=\"section-gmcbf34f\" class=\"section-gmcbf34f gutentor-col-wrap\">\n<h2 class=\"wp-block-heading\"><img loading=\"lazy\" decoding=\"async\" width=\"300\" height=\"131\" class=\"wp-image-1034\" style=\"width: 300px;\" src=\"http:\/\/dk28limanowa.pl\/wp-content\/uploads\/2021\/06\/logo-ivia-scaled.jpg\" alt=\"\" srcset=\"http:\/\/dk28limanowa.pl\/wp-content\/uploads\/2021\/06\/logo-ivia-scaled.jpg 2560w, http:\/\/dk28limanowa.pl\/wp-content\/uploads\/2021\/06\/logo-ivia-300x132.jpg 300w, http:\/\/dk28limanowa.pl\/wp-content\/uploads\/2021\/06\/logo-ivia-1024x449.jpg 1024w, http:\/\/dk28limanowa.pl\/wp-content\/uploads\/2021\/06\/logo-ivia-768x337.jpg 768w, http:\/\/dk28limanowa.pl\/wp-content\/uploads\/2021\/06\/logo-ivia-1536x673.jpg 1536w, http:\/\/dk28limanowa.pl\/wp-content\/uploads\/2021\/06\/logo-ivia-2048x898.jpg 2048w\" sizes=\"auto, (max-width: 300px) 100vw, 300px\" \/><\/h2>\n<\/div><\/div>\n\n\n\n<div id=\"col-gm9cc568\" class=\"wp-block-gutentor-m4-col col-gm9cc568 gutentor-single-column  grid-lg-10 grid-md-12 grid-12\"><div id=\"section-gm9cc568\" class=\"section-gm9cc568 gutentor-col-wrap\">\n<p>IVIA S.A.<br>Al. W. Ro\u017adzie\u0144skiego 91<br>40-203 Katowice<br>tel.: 608 548 630<br>mail: biuro@ivia.pl<br>strona internetowa: <a href=\"http:\/\/www.ivia.pl\">ivia.pl<\/a><\/p>\n<\/div><\/div>\n<\/div><\/div><\/section>\n\n\n\n<section id=\"gmd0bc35f\" class=\"wp-block-gutentor-m4 section-gmd0bc35f gutentor-module gutentor-advanced-columns\"><div class=\"grid-container\"><div class=\"grid-row\">\n<div id=\"col-gm722e8f\" class=\"wp-block-gutentor-m4-col col-gm722e8f gutentor-single-column  grid-lg-12 grid-md-12 grid-12\"><div id=\"section-gm722e8f\" class=\"section-gm722e8f gutentor-col-wrap\">\n<p class=\"has-black-color has-text-color has-large-font-size\"><strong>Instytucje zaanga\u017cowane w realizacj\u0119 projektu<\/strong><\/p>\n<\/div><\/div>\n<\/div><\/div><\/section>\n\n\n\n<section id=\"gmae3969c\" class=\"wp-block-gutentor-m4 section-gmae3969c gutentor-module gutentor-advanced-columns\"><div class=\"grid-container\"><div class=\"grid-row\">\n<div id=\"col-gm78430b\" class=\"wp-block-gutentor-m4-col col-gm78430b gutentor-single-column  grid-lg-2 grid-md-12 grid-12\"><div id=\"section-gm78430b\" class=\"section-gm78430b gutentor-col-wrap\">\n<h2 class=\"wp-block-heading\"><img loading=\"lazy\" decoding=\"async\" width=\"300\" height=\"75\" class=\"wp-image-1036\" style=\"width: 300px;\" src=\"http:\/\/dk28limanowa.pl\/wp-content\/uploads\/2021\/06\/LogotypMIpion.jpg\" alt=\"\" srcset=\"http:\/\/dk28limanowa.pl\/wp-content\/uploads\/2021\/06\/LogotypMIpion.jpg 1307w, http:\/\/dk28limanowa.pl\/wp-content\/uploads\/2021\/06\/LogotypMIpion-300x75.jpg 300w, http:\/\/dk28limanowa.pl\/wp-content\/uploads\/2021\/06\/LogotypMIpion-1024x256.jpg 1024w, http:\/\/dk28limanowa.pl\/wp-content\/uploads\/2021\/06\/LogotypMIpion-768x192.jpg 768w\" sizes=\"auto, (max-width: 300px) 100vw, 300px\" \/><\/h2>\n<\/div><\/div>\n\n\n\n<div id=\"col-gm96f88f\" class=\"wp-block-gutentor-m4-col col-gm96f88f gutentor-single-column  grid-lg-10 grid-md-12 grid-12\"><div id=\"section-gm96f88f\" class=\"section-gm96f88f gutentor-col-wrap\">\n<p>Ministerstwo Infrastruktury<br>ul. Cha\u0142ubi\u0144skiego 4\/6<br>00-928 Warszawa<br>strona internetowa: <a href=\"http:\/\/www.mi.gov.pl\">mi.gov.pl<\/a><\/p>\n<\/div><\/div>\n<\/div><\/div><\/section>\n\n\n\n<h2 class=\"wp-block-heading\"><strong>Wa\u017cne linki<\/strong><\/h2>\n\n\n\n<p><strong>Generalna Dyrekcja Dr\u00f3g Krajowych i Autostrad<\/strong> &#8211; <a href=\"https:\/\/www.gddkia.gov.pl\/\">https:\/\/www.gddkia.gov.pl\/<\/a><br><strong>Miasto Limanowa&nbsp;<\/strong> &#8211;&nbsp; <a href=\"https:\/\/miastolimanowa.pl\/\">Urz\u0105d Miasta Limanowa<\/a><br><strong>Ministerstwo Infrastruktury<\/strong> &#8211; <a href=\"https:\/\/www.gov.pl\/web\/infrastruktura\">https:\/\/www.gov.pl\/web\/infrastruktura<\/a><br><strong>Generalna Dyrekcja Ochrony \u015arodowiska <\/strong>&#8211; <a href=\"http:\/\/rdos.gov.pl\/\">http:\/\/rdos.gov.pl\/<\/a><br><strong>Regionalna Dyrekcja Ochrony \u015arodowiska w Krakowie&nbsp; &#8211;&nbsp; <\/strong><a href=\"http:\/\/krakow.rdos.gov.pl\/\">http:\/\/krakow.rdos.gov.pl\/<\/a><br><strong>Ma\u0142opolski Urz\u0105d Wojew\u00f3dzki<\/strong> &#8211; <a href=\"https:\/\/www.malopolska.uw.gov.pl\/\" target=\"_blank\" rel=\"noreferrer noopener\">https:\/\/www.malopolska.uw.gov.pl\/<\/a><br><strong>Urz\u0105d Marsza\u0142kowski Wojew\u00f3dztwa Ma\u0142opolskiego<\/strong> &#8211;&nbsp;<a href=\"https:\/\/www.malopolska.pl\/\"> https:\/\/www.malopolska.pl\/<\/a><\/p>\n","protected":false},"excerpt":{"rendered":"<p>Wa\u017cne linki Generalna Dyrekcja Dr\u00f3g Krajowych i Autostrad &#8211; https:\/\/www.gddkia.gov.pl\/Miasto Limanowa&nbsp; &#8211;&nbsp; Urz\u0105d Miasta LimanowaMinisterstwo Infrastruktury &#8211; https:\/\/www.gov.pl\/web\/infrastrukturaGeneralna Dyrekcja Ochrony \u015arodowiska &#8211; http:\/\/rdos.gov.pl\/Regionalna Dyrekcja Ochrony \u015arodowiska w Krakowie&nbsp; &#8211;&nbsp; http:\/\/krakow.rdos.gov.pl\/Ma\u0142opolski Urz\u0105d Wojew\u00f3dzki &#8211; https:\/\/www.malopolska.uw.gov.pl\/Urz\u0105d Marsza\u0142kowski Wojew\u00f3dztwa Ma\u0142opolskiego &#8211;&nbsp; https:\/\/www.malopolska.pl\/<\/p>\n","protected":false},"author":1,"featured_media":0,"parent":0,"menu_order":0,"comment_status":"closed","ping_status":"closed","template":"","meta":{"footnotes":""},"class_list":["post-1030","page","type-page","status-publish","hentry"],"_links":{"self":[{"href":"http:\/\/dk28limanowa.pl\/index.php\/wp-json\/wp\/v2\/pages\/1030","targetHints":{"allow":["GET"]}}],"collection":[{"href":"http:\/\/dk28limanowa.pl\/index.php\/wp-json\/wp\/v2\/pages"}],"about":[{"href":"http:\/\/dk28limanowa.pl\/index.php\/wp-json\/wp\/v2\/types\/page"}],"author":[{"embeddable":true,"href":"http:\/\/dk28limanowa.pl\/index.php\/wp-json\/wp\/v2\/users\/1"}],"replies":[{"embeddable":true,"href":"http:\/\/dk28limanowa.pl\/index.php\/wp-json\/wp\/v2\/comments?post=1030"}],"version-history":[{"count":45,"href":"http:\/\/dk28limanowa.pl\/index.php\/wp-json\/wp\/v2\/pages\/1030\/revisions"}],"predecessor-version":[{"id":3951,"href":"http:\/\/dk28limanowa.pl\/index.php\/wp-json\/wp\/v2\/pages\/1030\/revisions\/3951"}],"wp:attachment":[{"href":"http:\/\/dk28limanowa.pl\/index.php\/wp-json\/wp\/v2\/media?parent=1030"}],"curies":[{"name":"wp","href":"https:\/\/api.w.org\/{rel}","templated":true}]}}