{"id":342,"date":"2020-12-20T17:31:31","date_gmt":"2020-12-20T16:31:31","guid":{"rendered":"http:\/\/obwodnicalegnicydk94.pl\/?page_id=342"},"modified":"2021-07-02T22:24:40","modified_gmt":"2021-07-02T20:24:40","slug":"nazwa-zadania","status":"publish","type":"page","link":"http:\/\/dk28limanowa.pl\/index.php\/nazwa-zadania\/","title":{"rendered":"Nazwa Zadania &#8211; DK28 Limanowa"},"content":{"rendered":"\n<h2 class=\"has-text-align-center wp-block-heading\">Nazwa zadania<\/h2>\n\n\n\n<section id=\"gmf1d04ba\" class=\"wp-block-gutentor-m4 section-gmf1d04ba gutentor-module gutentor-advanced-columns gutentor-equal-column-height gutentor-enable-sticky-column\" data-top=\"50\" data-bottom=\"50\"><div class=\"grid-container\"><div class=\"grid-row\">\n<div id=\"col-gmd23b3f\" class=\"wp-block-gutentor-m4-col col-gmd23b3f gutentor-single-column  grid-lg-12 grid-md-12 grid-12\"><div id=\"section-gmd23b3f\" class=\"section-gmd23b3f gutentor-col-wrap\">\n<p id=\"block-58a9733e-0131-4963-8dea-c498ada758af\">Na zlecenie inwestor\u00f3w krakowskiego oddzia\u0142u GDDKiA przygotowywana jest dokumentacja projektowa pn.:<\/p>\n\n\n\n<p id=\"block-6a5ab961-0fa2-4c47-95cc-ef648b548ee4\">Opracowanie Studium Techniczno-Ekonomiczno-\u015arodowiskowego z elementami Koncepcji Programowej wraz z uzyskaniem Decyzji o \u015arodowiskowych Uwarunkowaniach oraz Programem Funkcjonalno-U\u017cytkowym dla dokumentacji projektowej \u201eBudowa obwodnicy Limanowej w ci\u0105gu DK28\u201d<\/p>\n\n\n\n<p id=\"block-5e68c0cf-50c0-42ab-81c2-89bffe126b3f\">Planowana budowa stanowi jedno zadanie projektowe, kt\u00f3rego wykonawc\u0105 jest IVIA S.A. na podstawie Umowy nr I\/245\/ZI\/I-1\/2020 z dnia 12.10.2020 r.<\/p>\n\n\n\n<p id=\"block-7e3d40ff-2a06-4b3a-85bc-08f9468270e3\">Zam\u00f3wienie obejmuje m.in.:<br>&#8211; wykonanie Studium Techniczno Ekonomiczno \u015arodowiskowego z elementami Koncepcji Programowej<br>&#8211; uzyskanie decyzji o \u015brodowiskowych uwarunkowaniach zgody na realizacj\u0119 przedsi\u0119wzi\u0119cia<br>&#8211; wykonanie Programu Funkcjonalno \u2013 U\u017cytkowego wraz z opracowaniem projekcji audiowizualnej<\/p>\n<\/div><\/div>\n<\/div><\/div><\/section>\n","protected":false},"excerpt":{"rendered":"<p>Nazwa zadania<\/p>\n","protected":false},"author":1,"featured_media":0,"parent":0,"menu_order":0,"comment_status":"closed","ping_status":"closed","template":"","meta":{"footnotes":""},"class_list":["post-342","page","type-page","status-publish","hentry"],"_links":{"self":[{"href":"http:\/\/dk28limanowa.pl\/index.php\/wp-json\/wp\/v2\/pages\/342","targetHints":{"allow":["GET"]}}],"collection":[{"href":"http:\/\/dk28limanowa.pl\/index.php\/wp-json\/wp\/v2\/pages"}],"about":[{"href":"http:\/\/dk28limanowa.pl\/index.php\/wp-json\/wp\/v2\/types\/page"}],"author":[{"embeddable":true,"href":"http:\/\/dk28limanowa.pl\/index.php\/wp-json\/wp\/v2\/users\/1"}],"replies":[{"embeddable":true,"href":"http:\/\/dk28limanowa.pl\/index.php\/wp-json\/wp\/v2\/comments?post=342"}],"version-history":[{"count":23,"href":"http:\/\/dk28limanowa.pl\/index.php\/wp-json\/wp\/v2\/pages\/342\/revisions"}],"predecessor-version":[{"id":1772,"href":"http:\/\/dk28limanowa.pl\/index.php\/wp-json\/wp\/v2\/pages\/342\/revisions\/1772"}],"wp:attachment":[{"href":"http:\/\/dk28limanowa.pl\/index.php\/wp-json\/wp\/v2\/media?parent=342"}],"curies":[{"name":"wp","href":"https:\/\/api.w.org\/{rel}","templated":true}]}}