{"id":375,"date":"2020-12-21T21:02:08","date_gmt":"2020-12-21T21:02:08","guid":{"rendered":"http:\/\/obwodnicalegnicydk94.pl\/?page_id=375"},"modified":"2024-01-18T09:29:12","modified_gmt":"2024-01-18T08:29:12","slug":"opis-aktualnego-zaawansowania-prac-projektowych","status":"publish","type":"page","link":"http:\/\/dk28limanowa.pl\/index.php\/opis-aktualnego-zaawansowania-prac-projektowych\/","title":{"rendered":"Opis aktualnego zaawansowania prac projektowych &#8211; DK28 Limanowa"},"content":{"rendered":"\n<h2 class=\"wp-block-heading has-text-align-center\">Opis aktualnego zaawansowania prac projektowych<\/h2>\n\n\n\n<h3 class=\"wp-block-heading\">1. PODPISANIE UMOWY NA WYKONANIE OPRACOWANIA<\/h3>\n\n\n\n<p>12 stycznia 2020 r. podpisano umow\u0119 na opracowanie dokumentacji projektowej na Opracowanie Studium Techniczno-Ekonomiczno-\u015arodowiskowego z elementami Koncepcji Programowej wraz z uzyskaniem Decyzji o \u015arodowiskowych Uwarunkowaniach oraz Programem Funkcjonalno-U\u017cytkowym w ramach zadania inwestycyjnego \u201eBudowa obwodnicy Limanowej w ci\u0105gu DK28\u201d pomi\u0119dzy krakowskim oddzia\u0142em GDDKiA reprezentuj\u0105cym Skarb Pa\u0144stwa i wykonawc\u0105 \u2013 IVIA S.A.<\/p>\n\n\n\n<h3 class=\"wp-block-heading\"> 2. ROZPOCZ\u0118CIE PRAC PROJEKTOWYCH<\/h3>\n\n\n\n<p>4 grudnia 2020 rozpocz\u0119to prace projektowe w zakresie wykonania STE\u015a dla \u201eBudowa obwodnicy Limanowej w ci\u0105gu DK28\u201d.<\/p>\n\n\n\n<p>Aktualne prace projektowe przebiegaj\u0105 zgodnie z harmonogramem i polegaj\u0105 na pozyskiwaniu i analizie materia\u0142\u00f3w wyj\u015bciowych i archiwalnych dla cz\u0119\u015bci og\u00f3lnej I Etapu Studium Techniczno Ekonomiczno \u015arodowiskowego oraz materia\u0142\u00f3w do Decyzji o \u015arodowiskowych Uwarunkowaniach.<\/p>\n\n\n\n<p>Prace polegaj\u0105 na opracowaniu wst\u0119pnego STE\u015a do zaopiniowania przez Zamawiaj\u0105cego w zakresie analizy przebiegu wariant\u00f3w drogi.<\/p>\n\n\n\n<h3 class=\"wp-block-heading\"> 3. PRACE PROJEKTOWE DO CZASU POSIEDZENIA KOMISJI ZOPI:<\/h3>\n\n\n\n<p>Do czasu posiedzenia Zespo\u0142u Oceny Przedsi\u0119wzi\u0119\u0107 Inwestycyjnych tj. do 22 lipca 2022r. Pracownia Projektowa opracowa\u0142a wielowariantow\u0105 koncepcj\u0119 budowy obwodnicy, kt\u00f3ra po modyfikacjach uwzgl\u0119dniaj\u0105cych czynniki spo\u0142eczne, uwarunkowania terenowe i ekonomiczne przedstawia si\u0119 zgodnie z tre\u015bci\u0105 aktualnej dokumentacji dla wariant\u00f3w W1A, W2A,W3A.&nbsp;<\/p>\n\n\n\n<h3 class=\"wp-block-heading\"> 4. PRACE PROJEKTOWE DO CZASU POSIEDZENIA KOPI:<\/h3>\n\n\n\n<p>Wykonawca Dokumentacji opracowuje i sukcesywnie kompletuje dane niezb\u0119dne do posiedzenia Komisji Oceny Przedsi\u0119wzi\u0119\u0107 Inwestycyjnych<\/p>\n\n\n\n<h3 class=\"wp-block-heading\">5. POSIEDZENIE KOPI<\/h3>\n\n\n\n<p>Na posiedzenie KOPI zosta\u0142y przedstawione aktualizacje wielowariantowej koncepcji budowy obwodnicy po uwagach i decyzjach ze spotkania ZOPI, zawieraj\u0105ce skorygowane SKNN Szacunkowy Koszt nabycia Nieruchomo\u015bci oraz ZZK Zbiorcze Zestawienie Koszt\u00f3w opracowania ekonomicznego.<\/p>\n\n\n\n<h3 class=\"wp-block-heading\">6. KARTA INFORMACYJNA PRZEDSI\u0118WZI\u0118CIA<\/h3>\n\n\n\n<p>Maj 2023r. Wykonawca opracowa\u0142 i przekaza\u0142 Kart\u0119 Informacyjn\u0105 Przedsi\u0119wzi\u0119cia pn. \u201eBudowa obwodnicy Limanowej w ci\u0105gu DK 28\u201d w zakresie STE\u015a-R Etap I.<\/p>\n\n\n\n<h3 class=\"wp-block-heading\">7. AKTUALIZACJA ROZWI\u0104ZA\u0143 PROJEKTOWYCH<\/h3>\n\n\n\n<p>Pa\u017adziernik 2023r. Wykonawca rozpocz\u0105\u0142 prace nad aktualizacj\u0105 obecnych rozwi\u0105za\u0144 projektowych do nowego rozporz\u0105dzenia Ministra Infrastruktury z uwzgl\u0119dnieniem dotychczas opublikowanych Wzorc\u00f3w i Standard\u00f3w<\/p>\n\n\n\n<h3 class=\"wp-block-heading\">8. DOKUMENTACJA STE\u015a-R<\/h3>\n\n\n\n<p>Grudzie\u0144 2023r. Wykonawca przedstawi\u0142 skorygowan\u0105 i dostosowan\u0105 dokumentacj\u0119 STE\u015a-R do wymaga\u0144 przepis\u00f3w techniczno-budowlanych dotycz\u0105cych dr\u00f3g publicznych wprowadzonych rozporz\u0105dzeniem Ministra Infrastruktury z dnia 24.06.2022r.<\/p>\n\n\n\n<h3 class=\"wp-block-heading\">8. DOKUMENTACJA OPRACOWANIA GEOLOGICZNEGO<\/h3>\n\n\n\n<p>Stycze\u0144 2024r. Wykonawca przedstawi\u0142 dokumentacj\u0119 opracowania geologicznego z propozycjami lokalizacji, rodzaj\u00f3w otwor\u00f3w i sondowa\u0144 wraz z ich wykazem tabelarycznym ustosunkowuj\u0105c si\u0119 do nowych rozwi\u0105za\u0144 dotycz\u0105cych dr\u00f3g publicznych dla Obwodnicy Limanowej.<\/p>\n","protected":false},"excerpt":{"rendered":"<p>Opis aktualnego zaawansowania prac projektowych 1. PODPISANIE UMOWY NA WYKONANIE OPRACOWANIA 12 stycznia 2020 r. podpisano umow\u0119 na opracowanie dokumentacji projektowej na Opracowanie Studium Techniczno-Ekonomiczno-\u015arodowiskowego z elementami Koncepcji Programowej wraz z uzyskaniem Decyzji o \u015arodowiskowych Uwarunkowaniach oraz Programem Funkcjonalno-U\u017cytkowym w ramach zadania inwestycyjnego \u201eBudowa obwodnicy Limanowej w ci\u0105gu DK28\u201d pomi\u0119dzy krakowskim oddzia\u0142em GDDKiA reprezentuj\u0105cym Skarb Pa\u0144stwa i wykonawc\u0105 \u2013 IVIA S.A. 2. ROZPOCZ\u0118CIE PRAC PROJEKTOWYCH 4 grudnia 2020 rozpocz\u0119to prace&hellip;<\/p>\n","protected":false},"author":1,"featured_media":0,"parent":0,"menu_order":0,"comment_status":"closed","ping_status":"closed","template":"","meta":{"footnotes":""},"class_list":["post-375","page","type-page","status-publish","hentry"],"_links":{"self":[{"href":"http:\/\/dk28limanowa.pl\/index.php\/wp-json\/wp\/v2\/pages\/375","targetHints":{"allow":["GET"]}}],"collection":[{"href":"http:\/\/dk28limanowa.pl\/index.php\/wp-json\/wp\/v2\/pages"}],"about":[{"href":"http:\/\/dk28limanowa.pl\/index.php\/wp-json\/wp\/v2\/types\/page"}],"author":[{"embeddable":true,"href":"http:\/\/dk28limanowa.pl\/index.php\/wp-json\/wp\/v2\/users\/1"}],"replies":[{"embeddable":true,"href":"http:\/\/dk28limanowa.pl\/index.php\/wp-json\/wp\/v2\/comments?post=375"}],"version-history":[{"count":9,"href":"http:\/\/dk28limanowa.pl\/index.php\/wp-json\/wp\/v2\/pages\/375\/revisions"}],"predecessor-version":[{"id":3931,"href":"http:\/\/dk28limanowa.pl\/index.php\/wp-json\/wp\/v2\/pages\/375\/revisions\/3931"}],"wp:attachment":[{"href":"http:\/\/dk28limanowa.pl\/index.php\/wp-json\/wp\/v2\/media?parent=375"}],"curies":[{"name":"wp","href":"https:\/\/api.w.org\/{rel}","templated":true}]}}