{"id":468,"date":"2020-12-21T23:58:01","date_gmt":"2020-12-21T22:58:01","guid":{"rendered":"http:\/\/obwodnicalegnicydk94.pl\/?page_id=468"},"modified":"2024-01-29T11:07:18","modified_gmt":"2024-01-29T10:07:18","slug":"schemat-przebiegu-drogi","status":"publish","type":"page","link":"http:\/\/dk28limanowa.pl\/index.php\/schemat-przebiegu-drogi\/","title":{"rendered":"Schemat i warianty przebiegu drogi &#8211; DK28 Limanowa"},"content":{"rendered":"\n<h2 class=\"wp-block-heading has-text-align-center\">Schemat przebiegu drogi oraz schematy (wraz z opisami) w\u0119z\u0142\u00f3w, skrzy\u017cowa\u0144 i ciekawych<br>rozwi\u0105za\u0144 in\u017cynierskich<\/h2>\n\n\n\n<h4 class=\"wp-block-heading has-text-align-center\">Podgl\u0105d Orientacji<\/h4>\n\n\n\n<p class=\"has-text-align-center has-cyan-bluish-gray-color has-text-color\" style=\"font-size:12px\">(Du\u017cy plik &#8211; \u0142adowanie podgl\u0105du mo\u017ce potrwa\u0107 kilka minut)<\/p>\n\n\n\n<div data-wp-interactive=\"core\/file\" class=\"wp-block-file aligncenter\"><object data-wp-bind--hidden=\"!state.hasPdfPreview\" hidden class=\"wp-block-file__embed\" data=\"http:\/\/dk28limanowa.pl\/wp-content\/uploads\/2023\/12\/A.II_01-OGOLNA-Orientacja-1.pdf\" type=\"application\/pdf\" style=\"width:100%;height:600px\" aria-label=\"Osadzone z Orientacja Og\u00f3lna.\"><\/object><a id=\"wp-block-file--media-e0f2ce20-f4f0-49a3-b439-0ff755b27b65\" href=\"http:\/\/dk28limanowa.pl\/wp-content\/uploads\/2023\/12\/A.II_01-OGOLNA-Orientacja-1.pdf\">Orientacja Og\u00f3lna<\/a><a href=\"http:\/\/dk28limanowa.pl\/wp-content\/uploads\/2023\/12\/A.II_01-OGOLNA-Orientacja-1.pdf\" class=\"wp-block-file__button wp-element-button\" download aria-describedby=\"wp-block-file--media-e0f2ce20-f4f0-49a3-b439-0ff755b27b65\">Pobierz<\/a><\/div>\n\n\n\n<h2 class=\"wp-block-heading\">Stan Projektowy<\/h2>\n\n\n\n<div id=\"section-gdaf987\" class=\"wp-block-gutentor-e1 section-gdaf987 gutentor-element gutentor-element-advanced-text text-align-justify-desktop\"><div class=\"gutentor-text-wrap\"><p class=\"gutentor-text\">Prace projektowe rozpocz\u0119to od opracowania wariant\u00f3w W1, W2. W3. W efekcie spotka\u0144 informacyjnych zaprojektowano alternatywny wariant spo\u0142eczny W4. Ostatecznie uwzgl\u0119dniaj\u0105c g\u0142osy mieszka\u0144c\u00f3w oraz ustalenia z w\u0142adzami samorz\u0105d\u00f3w lokalnych a tak\u017ce bior\u0105c pod uwag\u0119 g\u00f3rski charakter lokalizacji oraz wytyczne Administrator\u00f3w sieci uzbrojenia terenu i Zarz\u0105dc\u00f3w Dr\u00f3g opracowano trzy warianty przebiegu osi obwodnicy: W1A(czerwony), W2A (niebieski) i W3A (zielony). Wszystkie warianty s\u0105 poprowadzone po stronie po\u0142udniowo wschodniej cz\u0119\u015bci miasta Limanowa. Wariant 1A znajduje si\u0119 w ca\u0142o\u015bci na terenie miasta Limanowa. Wariant W2A i W3A w obr\u0119bie, miasta, jak i gminie Limanowa. We wszystkich wariantach, g\u0142\u00f3wnym kryterium definiuj\u0105cym zaproponowane przebieg trasy by\u0142o omini\u0119cie teren\u00f3w zwartej zabudowy. Po\u017c\u0105dane przy tym by\u0142o zminimalizowanie negatywnych efekt\u00f3w oddzia\u0142ywania projektowanej drogi na \u017cycie mieszka\u0144c\u00f3w.<\/p><\/div><\/div>\n\n\n\n<h3 class=\"wp-block-heading\">Wariant 1A<\/h3>\n\n\n\n<div id=\"section-g6f64d8\" class=\"wp-block-gutentor-e1 section-g6f64d8 gutentor-element gutentor-element-advanced-text text-align-justify-desktop\"><div class=\"gutentor-text-wrap\"><p class=\"gutentor-text\">Wariant 1A znajduje si\u0119 na terenie miasta Limanowa. Rozpoczyna si\u0119 jako w\u0142\u0105czenie do istniej\u0105cej Drogi Krajowej nr 28 w (kierunek Rabka-Zdr\u00f3j) w km oko\u0142o 107+800. Na pocz\u0105tkowym przebiegu trasy rozwi\u0105zanie odchodzi w kierunku po\u0142udniowo-wschodnim, r\u00f3wnolegle do Miasta Limanowa, przechodz\u0105c przez tereny pola i tereny cz\u0119\u015bciowo zalesione. Przecina ulic\u0119 \u0141okietka, Lipow\u0105, omijaj\u0105c wi\u0119kszo\u015b\u0107 zabudowa\u0144 mieszkalnych. Nast\u0119pnie krzy\u017cuje si\u0119 ulicami: Ma\u0142achowskiego, Owocow\u0105, Biedronia, Grunwaldzk\u0105, Podlipowe, Piastowsk\u0105 oraz Sikorskiego, za kt\u00f3rymi przekracza Ciek Sowlinka. Za planowanym przej\u015bciem nad ciekiem i drog\u0105 powiatow\u0105 K1609 (ul. J\u00f3zefa Marka) wkracza w tereny zabudowy mieszkaniowej o przewadze budynk\u00f3w jednorodzinnych. Nast\u0119pnie trasa obejmuj\u0119 kierunek wschodni i krzy\u017cuje si\u0119 z ulicami Marsza\u0142kowicza i \u017bwirki i Wigury (DP K1610). W km 4+200 projektowana obwodnica przecina Potok Jab\u0142oniec. W dalszej cz\u0119\u015bci trasa krzy\u017cuje si\u0119 z trzema drogami gminnymi ul. Wiejska, Jab\u0142oniecka, Walecznych. Koniec opracowania w\u0142\u0105cza si\u0119 w istniej\u0105c\u0105 Drog\u0119 Krajow\u0105 nr 28.<\/p><\/div><\/div>\n\n\n\n<div id=\"section-g31af91\" class=\"wp-block-gutentor-e1 section-g31af91 gutentor-element gutentor-element-advanced-text text-align-justify-desktop\"><div class=\"gutentor-text-wrap\"><p class=\"gutentor-text\">D\u0142ugo\u015b\u0107 trasy 5,4 km<\/p><\/div><\/div>\n\n\n\n<div class=\"wp-block-file aligncenter\"><a id=\"wp-block-file--media-65d4cb8b-b054-4f6f-84fc-f98d34d883cc\" href=\"http:\/\/dk28limanowa.pl\/wp-content\/uploads\/2023\/12\/A.II_02-OGOLNA-Plan_W1A-0.pdf\">A.II_02-OGOLNA-Plan_W1A-0<\/a><a href=\"http:\/\/dk28limanowa.pl\/wp-content\/uploads\/2023\/12\/A.II_02-OGOLNA-Plan_W1A-0.pdf\" class=\"wp-block-file__button wp-element-button\" download aria-describedby=\"wp-block-file--media-65d4cb8b-b054-4f6f-84fc-f98d34d883cc\">Pobierz<\/a><\/div>\n\n\n\n<div class=\"wp-block-file aligncenter\"><a id=\"wp-block-file--media-9a92cb82-2a52-47eb-9744-7246ca08ffe3\" href=\"http:\/\/dk28limanowa.pl\/wp-content\/uploads\/2023\/12\/A.II_02-OGOLNA-Plan_W1A-1.pdf\">A.II_02-OGOLNA-Plan_W1A-1<\/a><a href=\"http:\/\/dk28limanowa.pl\/wp-content\/uploads\/2023\/12\/A.II_02-OGOLNA-Plan_W1A-1.pdf\" class=\"wp-block-file__button wp-element-button\" download aria-describedby=\"wp-block-file--media-9a92cb82-2a52-47eb-9744-7246ca08ffe3\">Pobierz<\/a><\/div>\n\n\n\n<div class=\"wp-block-file aligncenter\"><a id=\"wp-block-file--media-9a92cb82-2a52-47eb-9744-7246ca08ffe3\" href=\"http:\/\/dk28limanowa.pl\/wp-content\/uploads\/2023\/12\/A.II_02-OGOLNA-Plan_W1A-2.pdf\">A.II_02-OGOLNA-Plan_W1A-2<\/a><a href=\"http:\/\/dk28limanowa.pl\/wp-content\/uploads\/2023\/12\/A.II_02-OGOLNA-Plan_W1A-2.pdf\" class=\"wp-block-file__button wp-element-button\" download aria-describedby=\"wp-block-file--media-9a92cb82-2a52-47eb-9744-7246ca08ffe3\">Pobierz<\/a><\/div>\n\n\n\n<h3 class=\"wp-block-heading\">Wariant 2A<\/h3>\n\n\n\n<div id=\"section-gef7bd1\" class=\"wp-block-gutentor-e1 section-gef7bd1 gutentor-element gutentor-element-advanced-text text-align-justify-desktop\"><div class=\"gutentor-text-wrap\"><p class=\"gutentor-text\">Wariant 2A znajduje si\u0119 na terenie miasta, jak i gminy Limanowa. W przeciwie\u0144stwie do Wariantu 1A w pocz\u0105tkowym przebiegu zaprojektowany jest w kierunku po\u0142udniowo-zachodnim, przecinaj\u0105c ul. \u0141okietka, a nast\u0119pnie zmienia kierunek na kierunek po\u0142udniowo-wschodni i przecina drog\u0119 wewn\u0119trzn\u0105 435. W tym punkcie trasa zmienia kierunek na po\u0142udniowo wschodni, krzy\u017cuj\u0105c si\u0119 z ul. Grunwaldzk\u0105. Przebiega w g\u0142\u00f3wnej mierze przez obszary polne z pojedyncz\u0105 zabudow\u0105 mieszkaniow\u0105. W dalszym etapie szlak trasy zwraca si\u0119 kierunku po\u0142udniowo-wschodnim, w stron\u0119 Wariantu W1A. Przekraczaj\u0105c Ciek Sowlinka warianty 1A oraz 2A w obr\u0119bie zabudowy mieszkalnej maj\u0105 zbli\u017cony przebieg. Bieg trasy ko\u0144czy si\u0119 w\u0142\u0105czeniem do Drogi krajowej nr 28.<\/p><\/div><\/div>\n\n\n\n<div id=\"section-ge1073c\" class=\"wp-block-gutentor-e1 section-ge1073c gutentor-element gutentor-element-advanced-text text-align-justify-desktop\"><div class=\"gutentor-text-wrap\"><p class=\"gutentor-text\">D\u0142ugo\u015b\u0107 odcinka \u2013 6,7 km<\/p><\/div><\/div>\n\n\n\n<div class=\"wp-block-file aligncenter\"><a id=\"wp-block-file--media-5cb8b3c2-ec5a-4f2e-aeb7-95a44809bafe\" href=\"http:\/\/dk28limanowa.pl\/wp-content\/uploads\/2023\/12\/A.II_02-OGOLNA-Plan-W2A-3.pdf\">A.II_02-OGOLNA-Plan-W2A-3<\/a><a href=\"http:\/\/dk28limanowa.pl\/wp-content\/uploads\/2023\/12\/A.II_02-OGOLNA-Plan-W2A-3.pdf\" class=\"wp-block-file__button wp-element-button\" download aria-describedby=\"wp-block-file--media-5cb8b3c2-ec5a-4f2e-aeb7-95a44809bafe\">Pobierz<\/a><\/div>\n\n\n\n<div class=\"wp-block-file aligncenter\"><a id=\"wp-block-file--media-6256a329-016e-4a25-b983-2d092eda4ab9\" href=\"http:\/\/dk28limanowa.pl\/wp-content\/uploads\/2023\/12\/A.II_02-OGOLNA-Plan-W2A-4.pdf\">A.II_02-OGOLNA-Plan-W2A-4<\/a><a href=\"http:\/\/dk28limanowa.pl\/wp-content\/uploads\/2023\/12\/A.II_02-OGOLNA-Plan-W2A-4.pdf\" class=\"wp-block-file__button wp-element-button\" download aria-describedby=\"wp-block-file--media-6256a329-016e-4a25-b983-2d092eda4ab9\">Pobierz<\/a><\/div>\n\n\n\n<div class=\"wp-block-file aligncenter\"><a id=\"wp-block-file--media-54bd42de-b3ca-432a-98e4-12d16924e09c\" href=\"http:\/\/dk28limanowa.pl\/wp-content\/uploads\/2023\/12\/A.II_02-OGOLNA-Plan-W2A-5.pdf\">A.II_02-OGOLNA-Plan-W2A-5<\/a><a href=\"http:\/\/dk28limanowa.pl\/wp-content\/uploads\/2023\/12\/A.II_02-OGOLNA-Plan-W2A-5.pdf\" class=\"wp-block-file__button wp-element-button\" download aria-describedby=\"wp-block-file--media-54bd42de-b3ca-432a-98e4-12d16924e09c\">Pobierz<\/a><\/div>\n\n\n\n<h3 class=\"wp-block-heading\">Wariant W3A<\/h3>\n\n\n\n<div id=\"section-g2a4145\" class=\"wp-block-gutentor-e1 section-g2a4145 gutentor-element gutentor-element-advanced-text text-align-justify-desktop\"><div class=\"gutentor-text-wrap\"><p class=\"gutentor-text\">Wariant W3A po\u0142o\u017cony jest na terenie miasta i gminy Limanowa. Trasa w tej propozycji jest najbardziej odsuni\u0119tym szlakiem od centrum miasta, co czyni go r\u00f3wnie\u017c najd\u0142u\u017cszym spo\u015br\u00f3d przedstawionych dr\u00f3g. Sam przebieg trasy od jego rozpocz\u0119cia do km 3+600 ma przebieg taki sam jak dla wariantu 2A. Nast\u0119pnie projektowany wariant 3A oddala si\u0119 od wariantu 1A i 2A w kierunku po\u0142udniowo-wschodnim. Wariant 3A przesuni\u0119ty jest w swym przebiegu wzgl\u0119dem W1A i W2A oko\u0142o 700 m wymijaj\u0105c g\u0119sto zabudow\u0119 mieszkaniow\u0105. Nast\u0119pnie szlak zostaje skierowany w stron\u0119 p\u00f3\u0142nocnego-zachodu, gdzie w swym przebiegu zbli\u017cony jest do wariantu 1A i 2A. Nast\u0119pnie trasa w\u0142\u0105cza si\u0119 w istniej\u0105cy odcinek Drogi Krajowej nr 28.<\/p><\/div><\/div>\n\n\n\n<div id=\"section-gded444\" class=\"wp-block-gutentor-e1 section-gded444 gutentor-element gutentor-element-advanced-text text-align-justify-desktop\"><div class=\"gutentor-text-wrap\"><p class=\"gutentor-text\">D\u0142ugo\u015b\u0107 odcinka \u2013 8,0 km<\/p><\/div><\/div>\n\n\n\n<div class=\"wp-block-file aligncenter\"><a id=\"wp-block-file--media-3f75239c-c601-403b-8458-4b2cfbe399be\" href=\"http:\/\/dk28limanowa.pl\/wp-content\/uploads\/2023\/12\/A.II_02-OGOLNA-Plan-W3A-6.pdf\">A.II_02-OGOLNA-Plan-W3A-6<\/a><a href=\"http:\/\/dk28limanowa.pl\/wp-content\/uploads\/2023\/12\/A.II_02-OGOLNA-Plan-W3A-6.pdf\" class=\"wp-block-file__button wp-element-button\" download aria-describedby=\"wp-block-file--media-3f75239c-c601-403b-8458-4b2cfbe399be\">Pobierz<\/a><\/div>\n\n\n\n<div class=\"wp-block-file aligncenter\"><a id=\"wp-block-file--media-229a6bec-1d24-4e94-ad34-53806ce8cacd\" href=\"http:\/\/dk28limanowa.pl\/wp-content\/uploads\/2023\/12\/A.II_02-OGOLNA-Plan-W3A-7.pdf\">A.II_02-OGOLNA-Plan-W3A-7<\/a><a href=\"http:\/\/dk28limanowa.pl\/wp-content\/uploads\/2023\/12\/A.II_02-OGOLNA-Plan-W3A-7.pdf\" class=\"wp-block-file__button wp-element-button\" download aria-describedby=\"wp-block-file--media-229a6bec-1d24-4e94-ad34-53806ce8cacd\">Pobierz<\/a><\/div>\n\n\n\n<div class=\"wp-block-file aligncenter\"><a id=\"wp-block-file--media-83ab9718-9365-4435-b36a-6fa2da70e5fe\" href=\"http:\/\/dk28limanowa.pl\/wp-content\/uploads\/2023\/12\/A.II_02-OGOLNA-Plan-W3A-8.pdf\">A.II_02-OGOLNA-Plan-W3A-8<\/a><a href=\"http:\/\/dk28limanowa.pl\/wp-content\/uploads\/2023\/12\/A.II_02-OGOLNA-Plan-W3A-8.pdf\" class=\"wp-block-file__button wp-element-button\" download aria-describedby=\"wp-block-file--media-83ab9718-9365-4435-b36a-6fa2da70e5fe\">Pobierz<\/a><\/div>\n\n\n\n<div class=\"wp-block-file aligncenter\"><a id=\"wp-block-file--media-2878b867-9914-4fec-a74b-c70ff8dcb979\" href=\"http:\/\/dk28limanowa.pl\/wp-content\/uploads\/2023\/12\/A.II_02-OGOLNA-Plan-W3A-9.pdf\">A.II_02-OGOLNA-Plan-W3A-9<\/a><a href=\"http:\/\/dk28limanowa.pl\/wp-content\/uploads\/2023\/12\/A.II_02-OGOLNA-Plan-W3A-9.pdf\" class=\"wp-block-file__button wp-element-button\" download aria-describedby=\"wp-block-file--media-2878b867-9914-4fec-a74b-c70ff8dcb979\">Pobierz<\/a><\/div>\n\n\n\n<p><\/p>\n\n\n\n<h3 class=\"wp-block-heading\">POR\u00d3WNANIE WARIANT\u00d3W PO WPROWADZENIU NOWYCH WARUNK\u00d3W TECHNICZNYCH<\/h3>\n\n\n\n<div id=\"section-ge673a4\" class=\"wp-block-gutentor-e1 section-ge673a4 gutentor-element gutentor-element-advanced-text\"><div class=\"gutentor-text-wrap\"><p class=\"gutentor-text\">Opisane powy\u017cej Warianty W1A,W2A,W3A zosta\u0142y zaktualizowane o nowe WT a efekty zmian dla poszczeg\u00f3lnej opcji zosta\u0142y zaprezentowane w poni\u017cszych rysunkach.<\/p><\/div><\/div>\n\n\n\n<div class=\"wp-block-file\"><a id=\"wp-block-file--media-22c38381-07e2-4f2c-8978-069698c501f1\" href=\"http:\/\/dk28limanowa.pl\/wp-content\/uploads\/2024\/01\/C.II_02-DRO-Plan_W1A-1.pdf\">C.II_02-DRO-Plan_W1A-1<\/a><a href=\"http:\/\/dk28limanowa.pl\/wp-content\/uploads\/2024\/01\/C.II_02-DRO-Plan_W1A-1.pdf\" class=\"wp-block-file__button wp-element-button\" download aria-describedby=\"wp-block-file--media-22c38381-07e2-4f2c-8978-069698c501f1\">Pobierz<\/a><\/div>\n\n\n\n<div class=\"wp-block-file\"><a id=\"wp-block-file--media-901d3e3c-d4c2-4a79-9a0f-e31f65f781dd\" href=\"http:\/\/dk28limanowa.pl\/wp-content\/uploads\/2024\/01\/C.II_02-DRO-Plan_W1A-2.pdf\">C.II_02-DRO-Plan_W1A-2<\/a><a href=\"http:\/\/dk28limanowa.pl\/wp-content\/uploads\/2024\/01\/C.II_02-DRO-Plan_W1A-2.pdf\" class=\"wp-block-file__button wp-element-button\" download aria-describedby=\"wp-block-file--media-901d3e3c-d4c2-4a79-9a0f-e31f65f781dd\">Pobierz<\/a><\/div>\n\n\n\n<div class=\"wp-block-file\"><a id=\"wp-block-file--media-5e68467b-cfac-4886-b33e-0ec68ad588b4\" href=\"http:\/\/dk28limanowa.pl\/wp-content\/uploads\/2024\/01\/C.II_02-DRO-Plan-W2A-3.pdf\">C.II_02-DRO-Plan-W2A-3<\/a><a href=\"http:\/\/dk28limanowa.pl\/wp-content\/uploads\/2024\/01\/C.II_02-DRO-Plan-W2A-3.pdf\" class=\"wp-block-file__button wp-element-button\" download aria-describedby=\"wp-block-file--media-5e68467b-cfac-4886-b33e-0ec68ad588b4\">Pobierz<\/a><\/div>\n\n\n\n<div class=\"wp-block-file\"><a id=\"wp-block-file--media-a614069b-9b5d-48ac-b125-aa2bd839d9a8\" href=\"http:\/\/dk28limanowa.pl\/wp-content\/uploads\/2024\/01\/C.II_02-DRO-Plan-W2A-4.pdf\">C.II_02-DRO-Plan-W2A-4<\/a><a href=\"http:\/\/dk28limanowa.pl\/wp-content\/uploads\/2024\/01\/C.II_02-DRO-Plan-W2A-4.pdf\" class=\"wp-block-file__button wp-element-button\" download aria-describedby=\"wp-block-file--media-a614069b-9b5d-48ac-b125-aa2bd839d9a8\">Pobierz<\/a><\/div>\n\n\n\n<div class=\"wp-block-file\"><a id=\"wp-block-file--media-1b750246-bf2d-482a-800e-d390696786c4\" href=\"http:\/\/dk28limanowa.pl\/wp-content\/uploads\/2024\/01\/C.II_02-DRO-Plan-W2A-5.pdf\">C.II_02-DRO-Plan-W2A-5<\/a><a href=\"http:\/\/dk28limanowa.pl\/wp-content\/uploads\/2024\/01\/C.II_02-DRO-Plan-W2A-5.pdf\" class=\"wp-block-file__button wp-element-button\" download aria-describedby=\"wp-block-file--media-1b750246-bf2d-482a-800e-d390696786c4\">Pobierz<\/a><\/div>\n\n\n\n<div class=\"wp-block-file\"><a id=\"wp-block-file--media-c90756ff-7693-4166-93cf-0362319afff4\" href=\"http:\/\/dk28limanowa.pl\/wp-content\/uploads\/2024\/01\/C.II_02-DRO-Plan-W3A-6.pdf\">C.II_02-DRO-Plan-W3A-6<\/a><a href=\"http:\/\/dk28limanowa.pl\/wp-content\/uploads\/2024\/01\/C.II_02-DRO-Plan-W3A-6.pdf\" class=\"wp-block-file__button wp-element-button\" download aria-describedby=\"wp-block-file--media-c90756ff-7693-4166-93cf-0362319afff4\">Pobierz<\/a><\/div>\n\n\n\n<div class=\"wp-block-file\"><a id=\"wp-block-file--media-f9444b85-39ce-4559-8cbb-047b31945293\" href=\"http:\/\/dk28limanowa.pl\/wp-content\/uploads\/2024\/01\/C.II_02-DRO-Plan-W3A-7.pdf\">C.II_02-DRO-Plan-W3A-7<\/a><a href=\"http:\/\/dk28limanowa.pl\/wp-content\/uploads\/2024\/01\/C.II_02-DRO-Plan-W3A-7.pdf\" class=\"wp-block-file__button wp-element-button\" download aria-describedby=\"wp-block-file--media-f9444b85-39ce-4559-8cbb-047b31945293\">Pobierz<\/a><\/div>\n\n\n\n<div class=\"wp-block-file\"><a id=\"wp-block-file--media-eaee90a1-8e3b-48f6-a8c3-472f3c11bc99\" href=\"http:\/\/dk28limanowa.pl\/wp-content\/uploads\/2024\/01\/C.II_02-DRO-Plan-W3A-8.pdf\">C.II_02-DRO-Plan-W3A-8<\/a><a href=\"http:\/\/dk28limanowa.pl\/wp-content\/uploads\/2024\/01\/C.II_02-DRO-Plan-W3A-8.pdf\" class=\"wp-block-file__button wp-element-button\" download aria-describedby=\"wp-block-file--media-eaee90a1-8e3b-48f6-a8c3-472f3c11bc99\">Pobierz<\/a><\/div>\n\n\n\n<div class=\"wp-block-file\"><a id=\"wp-block-file--media-8cd0a2f8-af77-416d-9104-458bdddc0603\" href=\"http:\/\/dk28limanowa.pl\/wp-content\/uploads\/2024\/01\/C.II_02-DRO-Plan-W3A-9.pdf\">C.II_02-DRO-Plan-W3A-9<\/a><a href=\"http:\/\/dk28limanowa.pl\/wp-content\/uploads\/2024\/01\/C.II_02-DRO-Plan-W3A-9.pdf\" class=\"wp-block-file__button wp-element-button\" download aria-describedby=\"wp-block-file--media-8cd0a2f8-af77-416d-9104-458bdddc0603\">Pobierz<\/a><\/div>\n","protected":false},"excerpt":{"rendered":"<p>Schemat przebiegu drogi oraz schematy (wraz z opisami) w\u0119z\u0142\u00f3w, skrzy\u017cowa\u0144 i ciekawychrozwi\u0105za\u0144 in\u017cynierskich Podgl\u0105d Orientacji (Du\u017cy plik &#8211; \u0142adowanie podgl\u0105du mo\u017ce potrwa\u0107 kilka minut) Stan Projektowy Wariant 1A Wariant 2A Wariant W3A POR\u00d3WNANIE WARIANT\u00d3W PO WPROWADZENIU NOWYCH WARUNK\u00d3W TECHNICZNYCH<\/p>\n","protected":false},"author":1,"featured_media":0,"parent":0,"menu_order":0,"comment_status":"closed","ping_status":"closed","template":"","meta":{"footnotes":""},"class_list":["post-468","page","type-page","status-publish","hentry"],"_links":{"self":[{"href":"http:\/\/dk28limanowa.pl\/index.php\/wp-json\/wp\/v2\/pages\/468","targetHints":{"allow":["GET"]}}],"collection":[{"href":"http:\/\/dk28limanowa.pl\/index.php\/wp-json\/wp\/v2\/pages"}],"about":[{"href":"http:\/\/dk28limanowa.pl\/index.php\/wp-json\/wp\/v2\/types\/page"}],"author":[{"embeddable":true,"href":"http:\/\/dk28limanowa.pl\/index.php\/wp-json\/wp\/v2\/users\/1"}],"replies":[{"embeddable":true,"href":"http:\/\/dk28limanowa.pl\/index.php\/wp-json\/wp\/v2\/comments?post=468"}],"version-history":[{"count":26,"href":"http:\/\/dk28limanowa.pl\/index.php\/wp-json\/wp\/v2\/pages\/468\/revisions"}],"predecessor-version":[{"id":3945,"href":"http:\/\/dk28limanowa.pl\/index.php\/wp-json\/wp\/v2\/pages\/468\/revisions\/3945"}],"wp:attachment":[{"href":"http:\/\/dk28limanowa.pl\/index.php\/wp-json\/wp\/v2\/media?parent=468"}],"curies":[{"name":"wp","href":"https:\/\/api.w.org\/{rel}","templated":true}]}}