{"id":486,"date":"2020-12-22T00:31:43","date_gmt":"2020-12-21T23:31:43","guid":{"rendered":"http:\/\/obwodnicalegnicydk94.pl\/?page_id=486"},"modified":"2024-02-05T09:36:37","modified_gmt":"2024-02-05T08:36:37","slug":"spotkania-informacyjne","status":"publish","type":"page","link":"http:\/\/dk28limanowa.pl\/index.php\/spotkania-informacyjne\/","title":{"rendered":"Spotkania informacyjne &#8211; DK28 Limanowa"},"content":{"rendered":"\n<h2 class=\"wp-block-heading has-text-align-center\" id=\"1-spotkania-informacyjne\">Spotkania informacyjne<\/h2>\n\n\n\n<section id=\"bb2713\" class=\"wp-block-gutentor-m13 section-bb2713 gutentor-module gutentor-module-table-of-contents\"><div class=\"grid-container\"><div class=\"g-toc\"><div class=\"g-toc-header text-align-center-desktop\"><div class=\"g-toc-heading\"><div class=\"g-toc-title\"><\/div><\/div><\/div><div class=\"g-toc-body\" style=\"display:\"><ol class=\"g-ordered-list\" type=\"1\"><li><a href=\"#1-spotkania-informacyjne\">Spotkania informacyjne<\/a><\/li><li><a href=\"#2-\">Wyniki Spotkania<\/a><\/li><li><a href=\"#2-\">Zaproszenie<\/a><ol class=\"child-list\"><li><a href=\"#2-podgl%C4%85d-orientacji\">Podgl\u0105d Orientacji<\/a><\/li><li><a href=\"#4-rozwi%C4%85zania-wariantowe-obwodnicy\">Rozwi\u0105zania Wariantowe Obwodnicy<\/a><\/li><\/ol><\/li><li><a href=\"#5-\">Ankieta<\/a><\/li><li><a href=\"#6-\">Materia\u0142y informacyjne<\/a><\/li><li><a href=\"#6-\">Nabywanie nieruchomo\u015bci<\/a><\/li><\/ol><\/div><\/div><\/div><\/section>\n\n\n\n<h2 class=\"wp-block-heading has-text-align-center\" id=\"2-\">Wyniki Spotkania<\/h2>\n\n\n\n<div id=\"section-g463604\" class=\"wp-block-gutentor-e1 section-g463604 gutentor-element gutentor-element-advanced-text text-align-center-desktop\"><div class=\"gutentor-text-wrap\"><p class=\"gutentor-text\"><strong>W ramach Budowy Obwodnicy Limanowej w ci\u0105gu DK28 Wykonawca rozes\u0142a\u0142 zaproszenia na spotkania informacyjne dla inwestycji pn.:<\/strong><\/p><\/div><\/div>\n\n\n\n<div id=\"section-gd399b3\" class=\"wp-block-gutentor-e1 section-gd399b3 gutentor-element gutentor-element-advanced-text text-align-center-desktop\"><div class=\"gutentor-text-wrap\"><p class=\"gutentor-text\">Spotkania polega\u0142y na indywidualnym przyjmowaniu stron po wcze\u015bniejszym telefonicznym um\u00f3wieniu si\u0119 na dan\u0105 godzin\u0119 w wyznaczonych poni\u017cej terminach w budynku Urz\u0119du Miasta Limanowa, w sali konferencyjnej.<br>Terminy konsultacji indywidualnych mia\u0142y miejsce:<br>05.08.2021 r., 06.08.2021 r. oraz 18.08.2021r.<br><br><strong>Wyniki spotkania<\/strong><br>Na spotkaniach 05.08 i 06.08.2021r. oraz dodatkowym 18.08.2021r. odby\u0142y si\u0119 prezentacje wariant\u00f3w W1, W2, W3. Frekwencja wynosi\u0142a odpowiednio ok.30, 30, 28 os\u00f3b. Ze sp\u0142ywaj\u0105cych ankiet (ok. 89) wysuni\u0119to dwa g\u0142\u00f3wne postulaty po zaprezentowaniu mieszka\u0144com wariant\u00f3w W1, W2, W3. Dodatkowo otrzymano 6 protest\u00f3w zbiorowych (667mieszka\u0144c\u00f3w).<br>Pierwszy z nich to zmiana przebiegu projektowanych wariant\u00f3w i przesuni\u0119cie pocz\u0105tku opracowania w kierunku zachodnim do miejscowo\u015bci Zamie\u015bcie. Jednostka Projektowa przeanalizowa\u0142a mo\u017cliwo\u015b\u0107 realizacji takiego wariantu spo\u0142ecznego (wariant 4).<br>Drugi z nich to wniosek cz\u0119\u015bci mieszka\u0144c\u00f3w \u017ceby obwodnica w swym przebiegu by\u0142a wpisana w korytarz zarezerwowany pod obwodnic\u0119 Limanowej w Miejscowym Planie Zagospodarowania Przestrzennego. Przygotowany wariant 1A w swym przebiegu jest zbli\u017cony do korytarza zarezerwowanego w MPZP pod budow\u0119 obwodnicy Limanowej.<br>Ws\u0142uchuj\u0105c si\u0119 w pro\u015bby mieszka\u0144c\u00f3w przeanalizowano jeszcze dodatkowo wariant 5 tzw. spo\u0142eczny, kt\u00f3ry rozpoczyna si\u0119 ok 3km na zach\u00f3d od pozosta\u0142ych wariant\u00f3w W1,W2,W3,W4 na terenie gminy Tymbark .<br>Dla skontrolowania czy tak uzyskane nowe warianty spo\u0142eczne W4 i W5 maj\u0105 zasadno\u015b\u0107 dla g\u0142\u0119bszej analizy i bardziej szczeg\u00f3\u0142owego opracowywania stworzono kilka kryteri\u00f3w. Dzi\u0119ki nim mo\u017cna by\u0142o skontrolowa\u0107 i wypunktowa\u0107 czy warianty spo\u0142eczne spe\u0142niaj\u0105 okre\u015blone warunki do przekazania wszystkim zainteresowanym na dalszych etapach projektowania obwodnicy Limanowej.<\/p><\/div><\/div>\n\n\n\n<h2 class=\"wp-block-heading has-text-align-center\" id=\"2-\">Zaproszenie<\/h2>\n\n\n\n<p class=\"has-text-align-center\"><strong><u>Zaproszenie do spotka\u0144 informacyjnych dla inwestycji pn.:<\/u><\/strong><\/p>\n\n\n\n<p class=\"has-text-align-center\">Opracowanie dokumentacji projektowej w fazie Studium techniczno-ekonomiczno-\u015brodowiskowego z&nbsp;elementami koncepcji programowej (STE\u015a-R) oraz uzyskaniem decyzji o&nbsp;\u015brodowiskowych uwarunkowaniach (D\u015aU) dla zadania pn.:<\/p>\n\n\n\n<p class=\"has-text-align-center\">Opracowanie dokumentacji projektowej STE\u015a-R wraz z uzyskaniem decyzji D\u015aU dla&nbsp;zadania: \u201e<a>Budowa obwodnicy Limanowej w ci\u0105gu DK28<\/a>\u201d<\/p>\n\n\n\n<p class=\"has-text-align-center\">Zapraszamy Pa\u0144stwa do wzi\u0119cia udzia\u0142u w spotkaniach informacyjnych dla przedmiotowej inwestycji realizowanej na zlecenie krakowskiego oddzia\u0142u Generalnej Dyrekcji Dr\u00f3g Krajowych i Autostrad.<\/p>\n\n\n\n<p class=\"has-text-align-center\">Inwestycja zlokalizowana jest w wojew\u00f3dztwie ma\u0142opolskim, powiecie limanowskim, na terenie gminy i miasta Limanowa.<br>D\u0142ugo\u015b\u0107 odcinka ok. 5,6 km.<\/p>\n\n\n\n<p class=\"has-text-align-center\">Cel i zak\u0142adany efekt zadania:<\/p>\n\n\n\n<p class=\"has-text-align-center\">celem zadania inwestycyjnego jest budowa obwodnicy miasta Limanowa w ci\u0105gu drogi krajowej nr 28 kt\u00f3ra pozwoli wyprowadzi\u0107 ruch tranzytowy poza centrum miasta Limanowa i zwi\u0119kszy bezpiecze\u0144stwo na drogach miasta Limanowa. Budowa obwodnicy pozwoli na stworzenie bezpiecznej drogi tranzytowej \u0142\u0105cz\u0105cej region wojew\u00f3dztwa ma\u0142opolskiego zapewniaj\u0105cej wysoki komfort dalekobie\u017cnego ruchu drogowego oraz zapewni mo\u017cliwo\u015b\u0107 osobnej obs\u0142ugi komunikacyjnej przyleg\u0142ego terenu przez realizacj\u0119 r\u00f3wnoleg\u0142ych dr\u00f3g dojazdowych.<\/p>\n\n\n\n<p class=\"has-text-align-center\"><strong>UWAGA! <\/strong>Z uwagi na zaistnia\u0142\u0105 sytuacj\u0119 epidemiczn\u0105 w kraju zwi\u0105zan\u0105 z rozprzestrzenianiem si\u0119 choroby zaka\u017anej COVID-19 wywo\u0142anej przez koronawirusa spotkania<strong> odb\u0119d\u0105 si\u0119 w formie indywidualnej.<\/strong><\/p>\n\n\n\n<p class=\"has-text-align-center\"><strong>Spotkanie polega\u0107 b\u0119dzie na indywidualnym przyjmowaniu stron po wcze\u015bniejszym telefonicznym um\u00f3wieniu si\u0119 na dan\u0105 godzin\u0119 w wyznaczonych poni\u017cej terminach.<\/strong><\/p>\n\n\n\n<p class=\"has-text-align-center\"><strong>Termin konsultacji indywidualnych:<\/strong><\/p>\n\n\n\n<p class=\"has-text-align-center\"><strong>&#8211; 05.08.2021 r., godz. 12:00 \u2013 18:00 (przerwa 15:00 \u2013 15:30)<\/strong><\/p>\n\n\n\n<p class=\"has-text-align-center\"><strong>&#8211; 06.08.2021 r., godz. 09:00 \u2013 15:00 (przerwa 12:00 \u2013 12:30)<\/strong><\/p>\n\n\n\n<p class=\"has-text-align-center\"><strong>W budynku Urz\u0119du Miasta Limanowa, sala konferencyjna<\/strong><\/p>\n\n\n\n<p class=\"has-text-align-center\"><strong>Mo\u017cliwo\u015b\u0107 telefonicznego um\u00f3wienia si\u0119 w dniach 19.07. &#8211; 31.07.2021r.<\/strong><\/p>\n\n\n\n<p class=\"has-text-align-center\"><strong>Kontakt telefoniczny: Wykonawca Projektu IVIA S.A. +48&nbsp;532&nbsp;950 087<\/strong><\/p>\n\n\n\n<p class=\"has-text-align-center\">Materia\u0142y informacyjno \u2013 konsultacyjne zosta\u0142y zamieszczone na stronie internetowej pod adresem: <a href=\"http:\/\/dk28limanowa.pl\/\"><em>http:\/\/dk28limanowa.pl\/<\/em><\/a><em><\/em><\/p>\n\n\n\n<p class=\"has-text-align-center\">Wnioski i zastrze\u017cenia dotycz\u0105ce przedsi\u0119wzi\u0119cia nale\u017cy z\u0142o\u017cy\u0107 bezpo\u015brednio w dniu indywidualnych konsultacji w miejscu spotkania lub w terminie do dnia 06.08.2021r. w formie elektronicznej na adres mailowy: <a href=\"mailto:limanowadk28@ivia.pl\"><em>limanowadk28@ivia.pl<\/em><\/a><em> <\/em>&nbsp;&nbsp;lub poczt\u0105 na adres biura IVIA S.A., ul. Kasprowicza 46, 43-502 Czechwice &#8211; Dziedzice z dopiskiem: \u201eSpotkania informacyjne DK28 Limanowa\u201d.<\/p>\n\n\n\n<h4 class=\"wp-block-heading has-text-align-center\" id=\"2-podgl%C4%85d-orientacji\">Podgl\u0105d Orientacji<\/h4>\n\n\n\n<p class=\"has-text-align-center\" style=\"font-size:12px\">(Du\u017cy plik &#8211; \u0141adowanie podgl\u0105du mo\u017ce potrwa\u0107 kilka minut)<\/p>\n\n\n\n<div data-wp-interactive=\"core\/file\" class=\"wp-block-file aligncenter\"><object data-wp-bind--hidden=\"!state.hasPdfPreview\" hidden class=\"wp-block-file__embed\" data=\"http:\/\/dk28limanowa.pl\/wp-content\/uploads\/2022\/09\/C.II_01-DRO-Orientacja.pdf\" type=\"application\/pdf\" style=\"width:100%;height:600px\" aria-label=\"Osadzone z Orientacja.\"><\/object><a id=\"wp-block-file--media-83b11dc2-85a0-471f-9987-689398159c04\" href=\"http:\/\/dk28limanowa.pl\/wp-content\/uploads\/2022\/09\/C.II_01-DRO-Orientacja.pdf\">Orientacja<\/a><a href=\"http:\/\/dk28limanowa.pl\/wp-content\/uploads\/2022\/09\/C.II_01-DRO-Orientacja.pdf\" class=\"wp-block-file__button wp-element-button\" download aria-describedby=\"wp-block-file--media-83b11dc2-85a0-471f-9987-689398159c04\">Pobierz<\/a><\/div>\n\n\n\n<h4 class=\"wp-block-heading has-text-align-center\" id=\"4-rozwi%C4%85zania-wariantowe-obwodnicy\">Rozwi\u0105zania Wariantowe Obwodnicy<\/h4>\n\n\n\n<div class=\"wp-block-file aligncenter\"><a id=\"wp-block-file--media-739feac4-3d88-4094-8e9a-ef0e08d70782\" href=\"http:\/\/dk28limanowa.pl\/wp-content\/uploads\/2021\/07\/A.II_02-DRO-Plan_W1_konsultacje-2.1.pdf\">2.1 Plan &#8211; Wariant 1<\/a><a href=\"http:\/\/dk28limanowa.pl\/wp-content\/uploads\/2021\/07\/A.II_02-DRO-Plan_W1_konsultacje-2.1.pdf\" class=\"wp-block-file__button wp-element-button\" download aria-describedby=\"wp-block-file--media-739feac4-3d88-4094-8e9a-ef0e08d70782\">Pobierz<\/a><\/div>\n\n\n\n<div class=\"wp-block-file aligncenter\"><a id=\"wp-block-file--media-204d02c0-ac89-40dc-86b5-f1aed75d0e78\" href=\"http:\/\/dk28limanowa.pl\/wp-content\/uploads\/2021\/07\/A.II_02-DRO-Plan_W1_konsultacje-2.2.pdf\">2.2 Plan &#8211; Wariant 1<\/a><a href=\"http:\/\/dk28limanowa.pl\/wp-content\/uploads\/2021\/07\/A.II_02-DRO-Plan_W1_konsultacje-2.2.pdf\" class=\"wp-block-file__button wp-element-button\" download aria-describedby=\"wp-block-file--media-204d02c0-ac89-40dc-86b5-f1aed75d0e78\">Pobierz<\/a><\/div>\n\n\n\n<div class=\"wp-block-file aligncenter\"><a id=\"wp-block-file--media-6bc6bf91-3522-48ec-9e20-893b14403150\" href=\"http:\/\/dk28limanowa.pl\/wp-content\/uploads\/2021\/07\/A.II_02-DRO-Plan-W2_konsultacje-2.3.pdf\">2.3 Plan &#8211; Wariant 2<\/a><a href=\"http:\/\/dk28limanowa.pl\/wp-content\/uploads\/2021\/07\/A.II_02-DRO-Plan-W2_konsultacje-2.3.pdf\" class=\"wp-block-file__button wp-element-button\" download aria-describedby=\"wp-block-file--media-6bc6bf91-3522-48ec-9e20-893b14403150\">Pobierz<\/a><\/div>\n\n\n\n<div class=\"wp-block-file aligncenter\"><a id=\"wp-block-file--media-b4307d12-dd4d-4e1c-8bb4-578db5f2585e\" href=\"http:\/\/dk28limanowa.pl\/wp-content\/uploads\/2021\/07\/A.II_02-DRO-Plan-W2_konsultacje-2.4.pdf\">2.4 Plan &#8211; Wariant 2<\/a><a href=\"http:\/\/dk28limanowa.pl\/wp-content\/uploads\/2021\/07\/A.II_02-DRO-Plan-W2_konsultacje-2.4.pdf\" class=\"wp-block-file__button wp-element-button\" download aria-describedby=\"wp-block-file--media-b4307d12-dd4d-4e1c-8bb4-578db5f2585e\">Pobierz<\/a><\/div>\n\n\n\n<div class=\"wp-block-file aligncenter\"><a id=\"wp-block-file--media-d0dfebd2-bee9-4acf-a066-b946f9441455\" href=\"http:\/\/dk28limanowa.pl\/wp-content\/uploads\/2021\/07\/A.II_02-DRO-Plan-W2_konsultacje-2.5-1.pdf\">2.5 Plan &#8211; Wariant 2<\/a><a href=\"http:\/\/dk28limanowa.pl\/wp-content\/uploads\/2021\/07\/A.II_02-DRO-Plan-W2_konsultacje-2.5-1.pdf\" class=\"wp-block-file__button wp-element-button\" download aria-describedby=\"wp-block-file--media-d0dfebd2-bee9-4acf-a066-b946f9441455\">Pobierz<\/a><\/div>\n\n\n\n<div class=\"wp-block-file aligncenter\"><a id=\"wp-block-file--media-1be03266-770b-4b4a-ba29-dcc8a6a75d6b\" href=\"http:\/\/dk28limanowa.pl\/wp-content\/uploads\/2021\/07\/A.II_02-DRO-Plan-W3_konsultacje-2.6.pdf\">2.6 Plan &#8211; Wariant 3<\/a><a href=\"http:\/\/dk28limanowa.pl\/wp-content\/uploads\/2021\/07\/A.II_02-DRO-Plan-W3_konsultacje-2.6.pdf\" class=\"wp-block-file__button wp-element-button\" download aria-describedby=\"wp-block-file--media-1be03266-770b-4b4a-ba29-dcc8a6a75d6b\">Pobierz<\/a><\/div>\n\n\n\n<div class=\"wp-block-file aligncenter\"><a id=\"wp-block-file--media-e74c5899-4e47-465d-b122-57609b8a76df\" href=\"http:\/\/dk28limanowa.pl\/wp-content\/uploads\/2021\/07\/A.II_02-DRO-Plan-W3_konsultacje-2.7.pdf\">2.7 Plan &#8211; Wariant 3<\/a><a href=\"http:\/\/dk28limanowa.pl\/wp-content\/uploads\/2021\/07\/A.II_02-DRO-Plan-W3_konsultacje-2.7.pdf\" class=\"wp-block-file__button wp-element-button\" download aria-describedby=\"wp-block-file--media-e74c5899-4e47-465d-b122-57609b8a76df\">Pobierz<\/a><\/div>\n\n\n\n<div class=\"wp-block-file aligncenter\"><a id=\"wp-block-file--media-e23d9922-456d-48af-ac42-334e44e53bb9\" href=\"http:\/\/dk28limanowa.pl\/wp-content\/uploads\/2021\/07\/A.II_02-DRO-Plan-W3_konsultacje-2.8.pdf\">2.8 Plan &#8211; Wariant 3<\/a><a href=\"http:\/\/dk28limanowa.pl\/wp-content\/uploads\/2021\/07\/A.II_02-DRO-Plan-W3_konsultacje-2.8.pdf\" class=\"wp-block-file__button wp-element-button\" download aria-describedby=\"wp-block-file--media-e23d9922-456d-48af-ac42-334e44e53bb9\">Pobierz<\/a><\/div>\n\n\n\n<div class=\"wp-block-file aligncenter\"><a id=\"wp-block-file--media-14451483-4902-4124-948c-aec12d8d6b5c\" href=\"http:\/\/dk28limanowa.pl\/wp-content\/uploads\/2021\/07\/A.II_02-DRO-Plan-W3_konsultacje-2.9.pdf\">2.9 Plan &#8211; Wariant 3<\/a><a href=\"http:\/\/dk28limanowa.pl\/wp-content\/uploads\/2021\/07\/A.II_02-DRO-Plan-W3_konsultacje-2.9.pdf\" class=\"wp-block-file__button wp-element-button\" download aria-describedby=\"wp-block-file--media-14451483-4902-4124-948c-aec12d8d6b5c\">Pobierz<\/a><\/div>\n\n\n\n<div class=\"wp-block-file aligncenter\"><a id=\"wp-block-file--media-fb13b6e5-e183-41dc-9730-1527963680bf\" href=\"http:\/\/dk28limanowa.pl\/wp-content\/uploads\/2021\/07\/A.II_05-DRO-Plan_W1_konsultacje-5.1.pdf\">5.1 Skrzy\u017cowania &#8211; Wariant 1<\/a><a href=\"http:\/\/dk28limanowa.pl\/wp-content\/uploads\/2021\/07\/A.II_05-DRO-Plan_W1_konsultacje-5.1.pdf\" class=\"wp-block-file__button wp-element-button\" download aria-describedby=\"wp-block-file--media-fb13b6e5-e183-41dc-9730-1527963680bf\">Pobierz<\/a><\/div>\n\n\n\n<div class=\"wp-block-file aligncenter\"><a id=\"wp-block-file--media-6ae32f9c-520d-4265-987c-52afe23f237a\" href=\"http:\/\/dk28limanowa.pl\/wp-content\/uploads\/2021\/07\/A.II_05-DRO-Plan-W2_konsultacje-5.2.pdf\">5.2 Skrzy\u017cowania &#8211; Wariant 2<\/a><a href=\"http:\/\/dk28limanowa.pl\/wp-content\/uploads\/2021\/07\/A.II_05-DRO-Plan-W2_konsultacje-5.2.pdf\" class=\"wp-block-file__button wp-element-button\" download aria-describedby=\"wp-block-file--media-6ae32f9c-520d-4265-987c-52afe23f237a\">Pobierz<\/a><\/div>\n\n\n\n<div class=\"wp-block-file aligncenter\"><a id=\"wp-block-file--media-61c02eba-1e7f-4493-9fd0-1f79606282a8\" href=\"http:\/\/dk28limanowa.pl\/wp-content\/uploads\/2021\/07\/A.II_05-DRO-Plan-W3_konsultacje-5.3.pdf\">5.3 Skrzy\u017cowania &#8211; Wariant 3<\/a><a href=\"http:\/\/dk28limanowa.pl\/wp-content\/uploads\/2021\/07\/A.II_05-DRO-Plan-W3_konsultacje-5.3.pdf\" class=\"wp-block-file__button wp-element-button\" download aria-describedby=\"wp-block-file--media-61c02eba-1e7f-4493-9fd0-1f79606282a8\">Pobierz<\/a><\/div>\n\n\n\n<h2 class=\"wp-block-heading has-text-align-center\" id=\"5-\">Ankieta<\/h2>\n\n\n\n<div class=\"wp-block-file aligncenter\"><a id=\"wp-block-file--media-84a908e7-8203-444e-a878-4a5c96c6f2f6\" href=\"http:\/\/dk28limanowa.pl\/wp-content\/uploads\/2021\/07\/DK28_ANKIETA_konsultacje-spoleczne.pdf\">Ankieta &#8211; Limanowa DK28<\/a><a href=\"http:\/\/dk28limanowa.pl\/wp-content\/uploads\/2021\/07\/DK28_ANKIETA_konsultacje-spoleczne.pdf\" class=\"wp-block-file__button wp-element-button\" download aria-describedby=\"wp-block-file--media-84a908e7-8203-444e-a878-4a5c96c6f2f6\">Pobierz<\/a><\/div>\n\n\n\n<h2 class=\"wp-block-heading has-text-align-center\" id=\"6-\">Materia\u0142y informacyjne<\/h2>\n\n\n\n<div class=\"wp-block-file aligncenter\" id=\"Plakat\"><a id=\"wp-block-file--media-dad5deab-1dce-4d12-817e-862340e52790\" href=\"http:\/\/dk28limanowa.pl\/wp-content\/uploads\/2021\/07\/Plakat-A3_1.pdf\">Plakat A3<\/a><a href=\"http:\/\/dk28limanowa.pl\/wp-content\/uploads\/2021\/07\/Plakat-A3_1.pdf\" class=\"wp-block-file__button wp-element-button\" download aria-describedby=\"wp-block-file--media-dad5deab-1dce-4d12-817e-862340e52790\">Pobierz<\/a><\/div>\n\n\n\n<div class=\"wp-block-file aligncenter\" id=\"Ulotka-1\"><a id=\"wp-block-file--media-7ffee648-d175-4482-8f4e-c93da414fb1a\" href=\"http:\/\/dk28limanowa.pl\/wp-content\/uploads\/2021\/07\/Ulotka-A4_2_1.pdf\">Ulotka A4 str. 1<\/a><a href=\"http:\/\/dk28limanowa.pl\/wp-content\/uploads\/2021\/07\/Ulotka-A4_2_1.pdf\" class=\"wp-block-file__button wp-element-button\" download aria-describedby=\"wp-block-file--media-7ffee648-d175-4482-8f4e-c93da414fb1a\">Pobierz<\/a><\/div>\n\n\n\n<div class=\"wp-block-file aligncenter\" id=\"Ulotka-2\"><a id=\"wp-block-file--media-2cd5deb9-57d3-46b1-83df-8732b6fbd7b2\" href=\"http:\/\/dk28limanowa.pl\/wp-content\/uploads\/2021\/07\/Ulotka-A4_2_2.pdf\">Ulotka A4 str. 2<\/a><a href=\"http:\/\/dk28limanowa.pl\/wp-content\/uploads\/2021\/07\/Ulotka-A4_2_2.pdf\" class=\"wp-block-file__button wp-element-button\" download aria-describedby=\"wp-block-file--media-2cd5deb9-57d3-46b1-83df-8732b6fbd7b2\">Pobierz<\/a><\/div>\n\n\n\n<h2 class=\"wp-block-heading has-text-align-center\" id=\"6-\">Nabywanie nieruchomo\u015bci<\/h2>\n\n\n\n<div class=\"wp-block-file\"><a id=\"wp-block-file--media-2396dd66-3421-4ff6-9ade-baee26341298\" href=\"http:\/\/dk28limanowa.pl\/wp-content\/uploads\/2021\/08\/ULOTKA-PROCEDURA-ODSZKODOWAWCZA-1.pdf\">ULOTKA &#8211; PROCEDURA ODSZKODOWAWCZA<\/a><a href=\"http:\/\/dk28limanowa.pl\/wp-content\/uploads\/2021\/08\/ULOTKA-PROCEDURA-ODSZKODOWAWCZA-1.pdf\" class=\"wp-block-file__button wp-element-button\" download aria-describedby=\"wp-block-file--media-2396dd66-3421-4ff6-9ade-baee26341298\">Pobierz<\/a><\/div>\n\n\n\n<div class=\"wp-block-file\"><a id=\"wp-block-file--media-e09e0e94-b74d-4fdf-8885-5a874a52f32c\" href=\"http:\/\/dk28limanowa.pl\/wp-content\/uploads\/2021\/08\/ULOTKA-PRZEJMOWANIE-NIERUCHOMOSCI-POD-DROGI-KRAJOWE.pdf\">ULOTKA &#8211; PRZEJMOWANIE NIERUCHOMOSCI POD DROGI KRAJOWE<\/a><a href=\"http:\/\/dk28limanowa.pl\/wp-content\/uploads\/2021\/08\/ULOTKA-PRZEJMOWANIE-NIERUCHOMOSCI-POD-DROGI-KRAJOWE.pdf\" class=\"wp-block-file__button wp-element-button\" download aria-describedby=\"wp-block-file--media-e09e0e94-b74d-4fdf-8885-5a874a52f32c\">Pobierz<\/a><\/div>\n","protected":false},"excerpt":{"rendered":"<p>Spotkania informacyjne Wyniki Spotkania Zaproszenie Zaproszenie do spotka\u0144 informacyjnych dla inwestycji pn.: Opracowanie dokumentacji projektowej w fazie Studium techniczno-ekonomiczno-\u015brodowiskowego z&nbsp;elementami koncepcji programowej (STE\u015a-R) oraz uzyskaniem decyzji o&nbsp;\u015brodowiskowych uwarunkowaniach (D\u015aU) dla zadania pn.: Opracowanie dokumentacji projektowej STE\u015a-R wraz z uzyskaniem decyzji D\u015aU dla&nbsp;zadania: \u201eBudowa obwodnicy Limanowej w ci\u0105gu DK28\u201d Zapraszamy Pa\u0144stwa do wzi\u0119cia udzia\u0142u w spotkaniach informacyjnych dla przedmiotowej inwestycji realizowanej na zlecenie krakowskiego oddzia\u0142u Generalnej Dyrekcji Dr\u00f3g Krajowych i Autostrad.&hellip;<\/p>\n","protected":false},"author":1,"featured_media":0,"parent":0,"menu_order":0,"comment_status":"closed","ping_status":"closed","template":"","meta":{"footnotes":""},"class_list":["post-486","page","type-page","status-publish","hentry"],"_links":{"self":[{"href":"http:\/\/dk28limanowa.pl\/index.php\/wp-json\/wp\/v2\/pages\/486","targetHints":{"allow":["GET"]}}],"collection":[{"href":"http:\/\/dk28limanowa.pl\/index.php\/wp-json\/wp\/v2\/pages"}],"about":[{"href":"http:\/\/dk28limanowa.pl\/index.php\/wp-json\/wp\/v2\/types\/page"}],"author":[{"embeddable":true,"href":"http:\/\/dk28limanowa.pl\/index.php\/wp-json\/wp\/v2\/users\/1"}],"replies":[{"embeddable":true,"href":"http:\/\/dk28limanowa.pl\/index.php\/wp-json\/wp\/v2\/comments?post=486"}],"version-history":[{"count":41,"href":"http:\/\/dk28limanowa.pl\/index.php\/wp-json\/wp\/v2\/pages\/486\/revisions"}],"predecessor-version":[{"id":3950,"href":"http:\/\/dk28limanowa.pl\/index.php\/wp-json\/wp\/v2\/pages\/486\/revisions\/3950"}],"wp:attachment":[{"href":"http:\/\/dk28limanowa.pl\/index.php\/wp-json\/wp\/v2\/media?parent=486"}],"curies":[{"name":"wp","href":"https:\/\/api.w.org\/{rel}","templated":true}]}}